{"id":176,"date":"2023-10-06T13:35:32","date_gmt":"2023-10-06T11:35:32","guid":{"rendered":"https:\/\/azzardolampy.pl\/?page_id=176"},"modified":"2023-10-09T09:31:43","modified_gmt":"2023-10-09T07:31:43","slug":"redakcja","status":"publish","type":"page","link":"https:\/\/azzardolampy.pl\/?page_id=176","title":{"rendered":"Redakcja"},"content":{"rendered":"\n<p>Wsp\u00f3\u0142czesny rynek o\u015bwietleniowy oferuje niesko\u0144czon\u0105 r\u00f3\u017cnorodno\u015b\u0107 rozwi\u0105za\u0144, kt\u00f3re odpowiadaj\u0105 na r\u00f3\u017cnorodne potrzeby i gusta konsument\u00f3w. Jednym z czo\u0142owych graczy na tym rynku jest marka Azzardo, kt\u00f3rej asortyment stale ewoluuje, dostarczaj\u0105c innowacyjne i stylowe propozycje o\u015bwietleniowe dla ka\u017cdego wn\u0119trza. Nasz blog po\u015bwi\u0119cony jest dok\u0142adnie tej marce i jej bogatej ofercie. Ale jaki jest dok\u0142adny cel istnienia tego bloga i czym dok\u0142adnie zajmuje si\u0119 nasza redakcja?<\/p>\n\n\n\n<blockquote class=\"wp-block-quote has-small-font-size is-layout-flow wp-block-quote-is-layout-flow\">\n<p><\/p>\n<cite>Naszym priorytetem jest edukacja i informacja czyli dostarczanie czytelnikom rzetelnej i aktualnej wiedzy na temat produkt\u00f3w marki Azzardo. Dzi\u0119ki temu klienci mog\u0105 dokonywa\u0107 \u015bwiadomych wybor\u00f3w, dopasowuj\u0105c idealne rozwi\u0105zania o\u015bwietleniowe do swoich wn\u0119trz. Prezentujemy nie tylko opisy produkt\u00f3w, ale r\u00f3wnie\u017c ich specyfikacje, zastosowanie i potencjalne kombinacje z innymi elementami dekoracyjnymi.<\/cite><\/blockquote>\n\n\n\n<blockquote class=\"wp-block-quote has-small-font-size is-layout-flow wp-block-quote-is-layout-flow\">\n<p><\/p>\n<cite>Ka\u017cdy produkt marki Azzardo jest inspiracj\u0105 dla czytelnik\u00f3w. To nie tylko \u017ar\u00f3d\u0142o \u015bwiat\u0142a, ale r\u00f3wnie\u017c wyj\u0105tkowy element dekoracyjny. D\u0105\u017cymy do tego, by nasz blog by\u0142 \u017ar\u00f3d\u0142em inspiracji dla wszystkich, kt\u00f3rzy poszukuj\u0105 pomys\u0142\u00f3w na niebanalne i funkcjonalne wn\u0119trza. Prezentujemy r\u00f3\u017cnorodne aran\u017cacje, kt\u00f3re pokazuj\u0105, jak r\u00f3\u017cne produkty marki mog\u0105 wsp\u00f3\u0142gra\u0107 z r\u00f3\u017cnymi stylami wn\u0119trz.<\/cite><\/blockquote>\n\n\n\n<p><\/p>\n\n\n\n<blockquote class=\"wp-block-quote has-small-font-size is-layout-flow wp-block-quote-is-layout-flow\">\n<p><\/p>\n<cite>Jako niezale\u017cna platforma, staramy si\u0119 r\u00f3wnie\u017c by\u0107 mostem \u0142\u0105cz\u0105cym mark\u0119 Azzardo z jej klientami. Dzi\u0119ki Nam zdobywacie blisko\u015b\u0107 z Mark\u0105 &#8211; Udost\u0119pniamy informacje o najnowszych kolekcjach, wydarzeniach bran\u017cowych oraz promocjach. Dzi\u0119ki temu nasi czytelnicy zawsze s\u0105 na bie\u017c\u0105co z tym, co dzieje si\u0119 w \u015bwiecie Azzardo.<\/cite><\/blockquote>\n\n\n\n<p><\/p>\n\n\n\n<blockquote class=\"wp-block-quote has-small-font-size is-layout-flow wp-block-quote-is-layout-flow\">\n<p><\/p>\n<cite>Nasz blog to nie tylko jednostronna komunikacja. Stawiamy na interakcj\u0119 z czytelnikami, dbaj\u0105c o to, by ka\u017cdy m\u00f3g\u0142 podzieli\u0107 si\u0119 swoimi do\u015bwiadczeniami, opiniami czy pytaniami na temat produkt\u00f3w marki. Dzi\u0119ki temu tworzymy spo\u0142eczno\u015b\u0107 ludzi, dla kt\u00f3rych jako\u015b\u0107, design i funkcjonalno\u015b\u0107 w o\u015bwietleniu maj\u0105 kluczowe znaczenie.<\/cite><\/blockquote>\n\n\n\n<p><\/p>\n\n\n\n<p><\/p>\n\n\n\n<p><\/p>\n\n\n\n<div class=\"wp-block-columns is-layout-flex wp-container-core-columns-is-layout-9d6595d7 wp-block-columns-is-layout-flex\">\n<div class=\"wp-block-column is-layout-flow wp-block-column-is-layout-flow\">\n<figure class=\"wp-block-image size-full is-style-rounded\"><img fetchpriority=\"high\" decoding=\"async\" width=\"900\" height=\"900\" src=\"https:\/\/azzardolampy.pl\/wp-content\/uploads\/2023\/10\/Dariusz-Jakubczyk-Redakcja-Azzardolampy-Tomix.png\" alt=\"\" class=\"wp-image-190\" srcset=\"https:\/\/azzardolampy.pl\/wp-content\/uploads\/2023\/10\/Dariusz-Jakubczyk-Redakcja-Azzardolampy-Tomix.png 900w, https:\/\/azzardolampy.pl\/wp-content\/uploads\/2023\/10\/Dariusz-Jakubczyk-Redakcja-Azzardolampy-Tomix-300x300.png 300w, https:\/\/azzardolampy.pl\/wp-content\/uploads\/2023\/10\/Dariusz-Jakubczyk-Redakcja-Azzardolampy-Tomix-150x150.png 150w, https:\/\/azzardolampy.pl\/wp-content\/uploads\/2023\/10\/Dariusz-Jakubczyk-Redakcja-Azzardolampy-Tomix-768x768.png 768w, https:\/\/azzardolampy.pl\/wp-content\/uploads\/2023\/10\/Dariusz-Jakubczyk-Redakcja-Azzardolampy-Tomix-435x435.png 435w, https:\/\/azzardolampy.pl\/wp-content\/uploads\/2023\/10\/Dariusz-Jakubczyk-Redakcja-Azzardolampy-Tomix-60x60.png 60w\" sizes=\"(max-width: 900px) 100vw, 900px\" \/><\/figure>\n<\/div>\n\n\n\n<div class=\"wp-block-column is-layout-flow wp-block-column-is-layout-flow\">\n<p><strong>Dariusz Jakubczyk<\/strong><br>Do\u015bwiadczony dziennikarz, copywriter i pisarz. Absolwent Wydzia\u0142u Dziennikarstwa i Nauk Politycznych Uniwersytetu Warszawskiego, od lat zwi\u0105zany z medialnym \u015bwiatem literatury i publicystyki. Gdy nie sp\u0119dza czasu na pisaniu, Marcin oddaje si\u0119 swojej pasji \u2013 kolekcjonowaniu winylowych p\u0142yt jazzowych i w\u0119dr\u00f3wkom po g\u00f3rach. Jego wieloletnie do\u015bwiadczenie w bran\u017cy, po\u0142\u0105czone z osobist\u0105 pasj\u0105 do s\u0142owa pisanego, sprawiaj\u0105, \u017ce jest nieocenionym cz\u0142onkiem naszej redakcji.<\/p>\n<\/div>\n<\/div>\n\n\n\n<div class=\"wp-block-columns is-layout-flex wp-container-core-columns-is-layout-9d6595d7 wp-block-columns-is-layout-flex\">\n<div class=\"wp-block-column is-layout-flow wp-block-column-is-layout-flow\">\n<figure class=\"wp-block-image size-full is-style-rounded\"><img decoding=\"async\" width=\"900\" height=\"900\" src=\"https:\/\/azzardolampy.pl\/wp-content\/uploads\/2023\/10\/Marcin-Mularczyk-Redakcja-Azzardolampy-Tomix.png\" alt=\"\" class=\"wp-image-191\" srcset=\"https:\/\/azzardolampy.pl\/wp-content\/uploads\/2023\/10\/Marcin-Mularczyk-Redakcja-Azzardolampy-Tomix.png 900w, https:\/\/azzardolampy.pl\/wp-content\/uploads\/2023\/10\/Marcin-Mularczyk-Redakcja-Azzardolampy-Tomix-300x300.png 300w, https:\/\/azzardolampy.pl\/wp-content\/uploads\/2023\/10\/Marcin-Mularczyk-Redakcja-Azzardolampy-Tomix-150x150.png 150w, https:\/\/azzardolampy.pl\/wp-content\/uploads\/2023\/10\/Marcin-Mularczyk-Redakcja-Azzardolampy-Tomix-768x768.png 768w, https:\/\/azzardolampy.pl\/wp-content\/uploads\/2023\/10\/Marcin-Mularczyk-Redakcja-Azzardolampy-Tomix-435x435.png 435w, https:\/\/azzardolampy.pl\/wp-content\/uploads\/2023\/10\/Marcin-Mularczyk-Redakcja-Azzardolampy-Tomix-60x60.png 60w\" sizes=\"(max-width: 900px) 100vw, 900px\" \/><\/figure>\n<\/div>\n\n\n\n<div class=\"wp-block-column is-layout-flow wp-block-column-is-layout-flow\">\n<p><strong>Marcin Mularczyk<\/strong><br>To nie tylko dyplomowany absolwent Akademii Wychowania Fizycznego w Krakowie, ale tak\u017ce zapalony pisarz z zami\u0142owaniem do s\u0142owa pisanego. Cho\u0107 kszta\u0142ci\u0142 si\u0119 w dziedzinie sportu, to zawsze czu\u0142, \u017ce pisanie jest jego prawdziw\u0105 pasj\u0105. Po\u0142\u0105czenie wiedzy z AWF z talentem literackim pozwala mu tworzy\u0107 unikalne tre\u015bci, kt\u00f3re odzwierciedlaj\u0105 jego zainteresowania zar\u00f3wno w dziedzinie sportu, jak i literatury. Tomasz jest nie tylko energicznym redaktorem, ale tak\u017ce inspiruj\u0105cym cz\u0142onkiem naszej redakcji, kt\u00f3ry przek\u0142ada swoje do\u015bwiadczenia sportowe na porywaj\u0105ce historie.<\/p>\n<\/div>\n<\/div>\n\n\n\n<div class=\"wp-block-columns is-layout-flex wp-container-core-columns-is-layout-9d6595d7 wp-block-columns-is-layout-flex\">\n<div class=\"wp-block-column is-layout-flow wp-block-column-is-layout-flow\">\n<figure class=\"wp-block-image size-full is-style-rounded\"><img decoding=\"async\" width=\"900\" height=\"900\" src=\"https:\/\/azzardolampy.pl\/wp-content\/uploads\/2023\/10\/Anna-Marek-Redakcja-Azzardolampy-Tomix.png\" alt=\"\" class=\"wp-image-192\" srcset=\"https:\/\/azzardolampy.pl\/wp-content\/uploads\/2023\/10\/Anna-Marek-Redakcja-Azzardolampy-Tomix.png 900w, https:\/\/azzardolampy.pl\/wp-content\/uploads\/2023\/10\/Anna-Marek-Redakcja-Azzardolampy-Tomix-300x300.png 300w, https:\/\/azzardolampy.pl\/wp-content\/uploads\/2023\/10\/Anna-Marek-Redakcja-Azzardolampy-Tomix-150x150.png 150w, https:\/\/azzardolampy.pl\/wp-content\/uploads\/2023\/10\/Anna-Marek-Redakcja-Azzardolampy-Tomix-768x768.png 768w, https:\/\/azzardolampy.pl\/wp-content\/uploads\/2023\/10\/Anna-Marek-Redakcja-Azzardolampy-Tomix-435x435.png 435w, https:\/\/azzardolampy.pl\/wp-content\/uploads\/2023\/10\/Anna-Marek-Redakcja-Azzardolampy-Tomix-60x60.png 60w\" sizes=\"(max-width: 900px) 100vw, 900px\" \/><\/figure>\n<\/div>\n\n\n\n<div class=\"wp-block-column is-layout-flow wp-block-column-is-layout-flow\">\n<p><strong>Anna Marek<\/strong><br>Znakomita redaktorka, a tak\u017ce wsp\u00f3\u0142w\u0142a\u015bcicielka presti\u017cowej gazety, kt\u00f3rej sukcesy rosn\u0105 z roku na rok. Jej do\u015bwiadczenie w bran\u017cy medialnej sprawia, \u017ce ma niezwykle wnikliwe oko na tre\u015bci, kt\u00f3re przyci\u0105gaj\u0105 czytelnik\u00f3w. Anna jest nie tylko liderem w \u015bwiecie dziennikarstwa, ale r\u00f3wnie\u017c inspiracj\u0105 dla m\u0142odszych pokole\u0144 redaktor\u00f3w. Jej pasja do pisania i d\u0105\u017cenie do doskona\u0142o\u015bci w ka\u017cdym artykule czyni\u0105 j\u0105 nieocenion\u0105 cz\u0119\u015bci\u0105 naszej redakcji.<br><\/p>\n<\/div>\n<\/div>\n\n\n\n<div class=\"wp-block-columns is-layout-flex wp-container-core-columns-is-layout-9d6595d7 wp-block-columns-is-layout-flex\">\n<div class=\"wp-block-column is-layout-flow wp-block-column-is-layout-flow\">\n<figure class=\"wp-block-image size-full is-style-rounded\"><img loading=\"lazy\" decoding=\"async\" width=\"900\" height=\"900\" src=\"https:\/\/azzardolampy.pl\/wp-content\/uploads\/2023\/10\/Aneta-Kacperska-Redakcja-Azzardolampy-Tomix.png\" alt=\"\" class=\"wp-image-193\" srcset=\"https:\/\/azzardolampy.pl\/wp-content\/uploads\/2023\/10\/Aneta-Kacperska-Redakcja-Azzardolampy-Tomix.png 900w, https:\/\/azzardolampy.pl\/wp-content\/uploads\/2023\/10\/Aneta-Kacperska-Redakcja-Azzardolampy-Tomix-300x300.png 300w, https:\/\/azzardolampy.pl\/wp-content\/uploads\/2023\/10\/Aneta-Kacperska-Redakcja-Azzardolampy-Tomix-150x150.png 150w, https:\/\/azzardolampy.pl\/wp-content\/uploads\/2023\/10\/Aneta-Kacperska-Redakcja-Azzardolampy-Tomix-768x768.png 768w, https:\/\/azzardolampy.pl\/wp-content\/uploads\/2023\/10\/Aneta-Kacperska-Redakcja-Azzardolampy-Tomix-435x435.png 435w, https:\/\/azzardolampy.pl\/wp-content\/uploads\/2023\/10\/Aneta-Kacperska-Redakcja-Azzardolampy-Tomix-60x60.png 60w\" sizes=\"(max-width: 900px) 100vw, 900px\" \/><\/figure>\n<\/div>\n\n\n\n<div class=\"wp-block-column is-layout-flow wp-block-column-is-layout-flow\">\n<p><strong>Aneta Kacperska<\/strong><br>M\u0142oda i pe\u0142na energii, Aneta Kacperska, studentka filologii polskiej ze specjalizacj\u0105 dziennikarsk\u0105, to prawdziwa pasjonatka wspinaczki i rowerowych wypraw. Jej zami\u0142owanie do aktywnego sp\u0119dzania czasu na \u015bwie\u017cym powietrzu \u015bwietnie \u0142\u0105czy si\u0119 z g\u0142\u0119bok\u0105 pasj\u0105 do pisania. Dzi\u0119ki swojej niecodziennej kombinacji zainteresowa\u0144 Aneta w niepowtarzalny spos\u00f3b opisuje swoje przygody, przekszta\u0142caj\u0105c je w porywaj\u0105ce historie. W naszej redakcji jest nie tylko obiecuj\u0105cym talentem dziennikarskim, ale r\u00f3wnie\u017c inspiracj\u0105 do odkrywania \u015bwiata z innej perspektywy.<\/p>\n<\/div>\n<\/div>\n\n\n\n<p>Misj\u0105 naszej redakcji jest nie tylko informowanie, ale r\u00f3wnie\u017c inspirowanie, budowanie most\u00f3w mi\u0119dzy mark\u0105 a jej klientami oraz tworzenie przestrzeni do dialogu i wymiany do\u015bwiadcze\u0144. Wierzymy, \u017ce dzi\u0119ki takiemu podej\u015bciu, ka\u017cdy nasz czytelnik b\u0119dzie m\u00f3g\u0142 w pe\u0142ni doceni\u0107 to, co marka Azzardo ma do zaoferowania, a my b\u0119dziemy mieli przyjemno\u015b\u0107 obserwowa\u0107, jak nasza spo\u0142eczno\u015b\u0107 ro\u015bnie i rozwija si\u0119 w \u015bwiecie designu o\u015bwietleniowego.<\/p>\n","protected":false},"excerpt":{"rendered":"<p>Wsp\u00f3\u0142czesny rynek o\u015bwietleniowy oferuje niesko\u0144czon\u0105 r\u00f3\u017cnorodno\u015b\u0107 rozwi\u0105za\u0144, kt\u00f3re odpowiadaj\u0105 na r\u00f3\u017cnorodne potrzeby i gusta konsument\u00f3w. Jednym z czo\u0142owych graczy na tym rynku jest marka Azzardo, kt\u00f3rej asortyment stale ewoluuje, dostarczaj\u0105c innowacyjne i stylowe propozycje o\u015bwietleniowe dla ka\u017cdego wn\u0119trza. Nasz blog po\u015bwi\u0119cony jest dok\u0142adnie tej marce i jej bogatej ofercie. Ale jaki jest dok\u0142adny cel istnienia &hellip; <\/p>\n","protected":false},"author":1,"featured_media":0,"parent":0,"menu_order":0,"comment_status":"closed","ping_status":"closed","template":"","meta":{"_eb_attr":"","footnotes":""},"class_list":["post-176","page","type-page","status-publish","hentry"],"aioseo_notices":[],"yoast_head":"<!-- This site is optimized with the Yoast SEO plugin v27.5 - https:\/\/yoast.com\/product\/yoast-seo-wordpress\/ -->\n<title>Redakcja - azzardolampy.pl<\/title>\n<meta name=\"robots\" content=\"index, follow, max-snippet:-1, max-image-preview:large, max-video-preview:-1\" \/>\n<link rel=\"canonical\" href=\"https:\/\/azzardolampy.pl\/?page_id=176\" \/>\n<meta property=\"og:locale\" content=\"pl_PL\" \/>\n<meta property=\"og:type\" content=\"article\" \/>\n<meta property=\"og:title\" content=\"Redakcja - azzardolampy.pl\" \/>\n<meta property=\"og:description\" content=\"Wsp\u00f3\u0142czesny rynek o\u015bwietleniowy oferuje niesko\u0144czon\u0105 r\u00f3\u017cnorodno\u015b\u0107 rozwi\u0105za\u0144, kt\u00f3re odpowiadaj\u0105 na r\u00f3\u017cnorodne potrzeby i gusta konsument\u00f3w. Jednym z czo\u0142owych graczy na tym rynku jest marka Azzardo, kt\u00f3rej asortyment stale ewoluuje, dostarczaj\u0105c innowacyjne i stylowe propozycje o\u015bwietleniowe dla ka\u017cdego wn\u0119trza. Nasz blog po\u015bwi\u0119cony jest dok\u0142adnie tej marce i jej bogatej ofercie. Ale jaki jest dok\u0142adny cel istnienia &hellip;\" \/>\n<meta property=\"og:url\" content=\"https:\/\/azzardolampy.pl\/?page_id=176\" \/>\n<meta property=\"og:site_name\" content=\"azzardolampy.pl\" \/>\n<meta property=\"article:modified_time\" content=\"2023-10-09T07:31:43+00:00\" \/>\n<meta property=\"og:image\" content=\"https:\/\/azzardolampy.pl\/wp-content\/uploads\/2023\/10\/Dariusz-Jakubczyk-Redakcja-Azzardolampy-Tomix.png\" \/>\n<meta name=\"twitter:card\" content=\"summary_large_image\" \/>\n<meta name=\"twitter:label1\" content=\"Szacowany czas czytania\" \/>\n\t<meta name=\"twitter:data1\" content=\"4 minuty\" \/>\n<script type=\"application\/ld+json\" class=\"yoast-schema-graph\">{\"@context\":\"https:\\\/\\\/schema.org\",\"@graph\":[{\"@type\":\"WebPage\",\"@id\":\"https:\\\/\\\/azzardolampy.pl\\\/?page_id=176\",\"url\":\"https:\\\/\\\/azzardolampy.pl\\\/?page_id=176\",\"name\":\"Redakcja - azzardolampy.pl\",\"isPartOf\":{\"@id\":\"https:\\\/\\\/azzardolampy.pl\\\/#website\"},\"primaryImageOfPage\":{\"@id\":\"https:\\\/\\\/azzardolampy.pl\\\/?page_id=176#primaryimage\"},\"image\":{\"@id\":\"https:\\\/\\\/azzardolampy.pl\\\/?page_id=176#primaryimage\"},\"thumbnailUrl\":\"https:\\\/\\\/azzardolampy.pl\\\/wp-content\\\/uploads\\\/2023\\\/10\\\/Dariusz-Jakubczyk-Redakcja-Azzardolampy-Tomix.png\",\"datePublished\":\"2023-10-06T11:35:32+00:00\",\"dateModified\":\"2023-10-09T07:31:43+00:00\",\"breadcrumb\":{\"@id\":\"https:\\\/\\\/azzardolampy.pl\\\/?page_id=176#breadcrumb\"},\"inLanguage\":\"pl-PL\",\"potentialAction\":[{\"@type\":\"ReadAction\",\"target\":[\"https:\\\/\\\/azzardolampy.pl\\\/?page_id=176\"]}]},{\"@type\":\"ImageObject\",\"inLanguage\":\"pl-PL\",\"@id\":\"https:\\\/\\\/azzardolampy.pl\\\/?page_id=176#primaryimage\",\"url\":\"https:\\\/\\\/azzardolampy.pl\\\/wp-content\\\/uploads\\\/2023\\\/10\\\/Dariusz-Jakubczyk-Redakcja-Azzardolampy-Tomix.png\",\"contentUrl\":\"https:\\\/\\\/azzardolampy.pl\\\/wp-content\\\/uploads\\\/2023\\\/10\\\/Dariusz-Jakubczyk-Redakcja-Azzardolampy-Tomix.png\",\"width\":900,\"height\":900},{\"@type\":\"BreadcrumbList\",\"@id\":\"https:\\\/\\\/azzardolampy.pl\\\/?page_id=176#breadcrumb\",\"itemListElement\":[{\"@type\":\"ListItem\",\"position\":1,\"name\":\"Home\",\"item\":\"https:\\\/\\\/azzardolampy.pl\\\/\"},{\"@type\":\"ListItem\",\"position\":2,\"name\":\"Redakcja\"}]},{\"@type\":\"WebSite\",\"@id\":\"https:\\\/\\\/azzardolampy.pl\\\/#website\",\"url\":\"https:\\\/\\\/azzardolampy.pl\\\/\",\"name\":\"azzardolampy.pl\",\"description\":\"Lampy wewn\u0119trzne, zewn\u0119trzne i inwestycyjne do ka\u017cdego wn\u0119trza i otoczenia.\",\"potentialAction\":[{\"@type\":\"SearchAction\",\"target\":{\"@type\":\"EntryPoint\",\"urlTemplate\":\"https:\\\/\\\/azzardolampy.pl\\\/?s={search_term_string}\"},\"query-input\":{\"@type\":\"PropertyValueSpecification\",\"valueRequired\":true,\"valueName\":\"search_term_string\"}}],\"inLanguage\":\"pl-PL\"}]}<\/script>\n<!-- \/ Yoast SEO plugin. -->","yoast_head_json":{"title":"Redakcja - azzardolampy.pl","robots":{"index":"index","follow":"follow","max-snippet":"max-snippet:-1","max-image-preview":"max-image-preview:large","max-video-preview":"max-video-preview:-1"},"canonical":"https:\/\/azzardolampy.pl\/?page_id=176","og_locale":"pl_PL","og_type":"article","og_title":"Redakcja - azzardolampy.pl","og_description":"Wsp\u00f3\u0142czesny rynek o\u015bwietleniowy oferuje niesko\u0144czon\u0105 r\u00f3\u017cnorodno\u015b\u0107 rozwi\u0105za\u0144, kt\u00f3re odpowiadaj\u0105 na r\u00f3\u017cnorodne potrzeby i gusta konsument\u00f3w. Jednym z czo\u0142owych graczy na tym rynku jest marka Azzardo, kt\u00f3rej asortyment stale ewoluuje, dostarczaj\u0105c innowacyjne i stylowe propozycje o\u015bwietleniowe dla ka\u017cdego wn\u0119trza. Nasz blog po\u015bwi\u0119cony jest dok\u0142adnie tej marce i jej bogatej ofercie. Ale jaki jest dok\u0142adny cel istnienia &hellip;","og_url":"https:\/\/azzardolampy.pl\/?page_id=176","og_site_name":"azzardolampy.pl","article_modified_time":"2023-10-09T07:31:43+00:00","og_image":[{"url":"https:\/\/azzardolampy.pl\/wp-content\/uploads\/2023\/10\/Dariusz-Jakubczyk-Redakcja-Azzardolampy-Tomix.png","type":"","width":"","height":""}],"twitter_card":"summary_large_image","twitter_misc":{"Szacowany czas czytania":"4 minuty"},"schema":{"@context":"https:\/\/schema.org","@graph":[{"@type":"WebPage","@id":"https:\/\/azzardolampy.pl\/?page_id=176","url":"https:\/\/azzardolampy.pl\/?page_id=176","name":"Redakcja - azzardolampy.pl","isPartOf":{"@id":"https:\/\/azzardolampy.pl\/#website"},"primaryImageOfPage":{"@id":"https:\/\/azzardolampy.pl\/?page_id=176#primaryimage"},"image":{"@id":"https:\/\/azzardolampy.pl\/?page_id=176#primaryimage"},"thumbnailUrl":"https:\/\/azzardolampy.pl\/wp-content\/uploads\/2023\/10\/Dariusz-Jakubczyk-Redakcja-Azzardolampy-Tomix.png","datePublished":"2023-10-06T11:35:32+00:00","dateModified":"2023-10-09T07:31:43+00:00","breadcrumb":{"@id":"https:\/\/azzardolampy.pl\/?page_id=176#breadcrumb"},"inLanguage":"pl-PL","potentialAction":[{"@type":"ReadAction","target":["https:\/\/azzardolampy.pl\/?page_id=176"]}]},{"@type":"ImageObject","inLanguage":"pl-PL","@id":"https:\/\/azzardolampy.pl\/?page_id=176#primaryimage","url":"https:\/\/azzardolampy.pl\/wp-content\/uploads\/2023\/10\/Dariusz-Jakubczyk-Redakcja-Azzardolampy-Tomix.png","contentUrl":"https:\/\/azzardolampy.pl\/wp-content\/uploads\/2023\/10\/Dariusz-Jakubczyk-Redakcja-Azzardolampy-Tomix.png","width":900,"height":900},{"@type":"BreadcrumbList","@id":"https:\/\/azzardolampy.pl\/?page_id=176#breadcrumb","itemListElement":[{"@type":"ListItem","position":1,"name":"Home","item":"https:\/\/azzardolampy.pl\/"},{"@type":"ListItem","position":2,"name":"Redakcja"}]},{"@type":"WebSite","@id":"https:\/\/azzardolampy.pl\/#website","url":"https:\/\/azzardolampy.pl\/","name":"azzardolampy.pl","description":"Lampy wewn\u0119trzne, zewn\u0119trzne i inwestycyjne do ka\u017cdego wn\u0119trza i otoczenia.","potentialAction":[{"@type":"SearchAction","target":{"@type":"EntryPoint","urlTemplate":"https:\/\/azzardolampy.pl\/?s={search_term_string}"},"query-input":{"@type":"PropertyValueSpecification","valueRequired":true,"valueName":"search_term_string"}}],"inLanguage":"pl-PL"}]}},"_links":{"self":[{"href":"https:\/\/azzardolampy.pl\/index.php?rest_route=\/wp\/v2\/pages\/176","targetHints":{"allow":["GET"]}}],"collection":[{"href":"https:\/\/azzardolampy.pl\/index.php?rest_route=\/wp\/v2\/pages"}],"about":[{"href":"https:\/\/azzardolampy.pl\/index.php?rest_route=\/wp\/v2\/types\/page"}],"author":[{"embeddable":true,"href":"https:\/\/azzardolampy.pl\/index.php?rest_route=\/wp\/v2\/users\/1"}],"replies":[{"embeddable":true,"href":"https:\/\/azzardolampy.pl\/index.php?rest_route=%2Fwp%2Fv2%2Fcomments&post=176"}],"version-history":[{"count":12,"href":"https:\/\/azzardolampy.pl\/index.php?rest_route=\/wp\/v2\/pages\/176\/revisions"}],"predecessor-version":[{"id":260,"href":"https:\/\/azzardolampy.pl\/index.php?rest_route=\/wp\/v2\/pages\/176\/revisions\/260"}],"wp:attachment":[{"href":"https:\/\/azzardolampy.pl\/index.php?rest_route=%2Fwp%2Fv2%2Fmedia&parent=176"}],"curies":[{"name":"wp","href":"https:\/\/api.w.org\/{rel}","templated":true}]}}